{"id":537,"date":"2020-07-15T21:57:13","date_gmt":"2020-07-15T21:57:13","guid":{"rendered":"http:\/\/grada.wp\/ozark\/?page_id=537"},"modified":"2021-02-11T09:26:24","modified_gmt":"2021-02-11T09:26:24","slug":"sobre-nos","status":"publish","type":"page","link":"https:\/\/valtarc.com\/pt\/sobre-nos\/","title":{"rendered":"Sobre N\u00f3s"},"content":{"rendered":"\t\t<div data-elementor-type=\"wp-page\" data-elementor-id=\"537\" class=\"elementor elementor-537\">\n\t\t\t\t\t\t<section class=\"elementor-section elementor-top-section elementor-element elementor-element-c4a9ba5 elementor-section-boxed elementor-section-height-default elementor-section-height-default gs-locked-section-no\" data-id=\"c4a9ba5\" data-element_type=\"section\" data-e-type=\"section\">\n\t\t\t\t\t\t<div class=\"elementor-container elementor-column-gap-default\">\n\t\t\t\t\t<div class=\"elementor-column elementor-col-100 elementor-top-column elementor-element elementor-element-dc886d2\" data-id=\"dc886d2\" data-element_type=\"column\" data-e-type=\"column\">\n\t\t\t<div class=\"elementor-widget-wrap elementor-element-populated\">\n\t\t\t\t\t\t<section class=\"elementor-section elementor-inner-section elementor-element elementor-element-a5c5c57 elementor-section-boxed elementor-section-height-default elementor-section-height-default\" data-id=\"a5c5c57\" data-element_type=\"section\" data-e-type=\"section\">\n\t\t\t\t\t\t<div class=\"elementor-container elementor-column-gap-default\">\n\t\t\t\t\t<div class=\"elementor-column elementor-col-100 elementor-inner-column elementor-element elementor-element-807b0df\" data-id=\"807b0df\" data-element_type=\"column\" data-e-type=\"column\">\n\t\t\t<div class=\"elementor-widget-wrap elementor-element-populated\">\n\t\t\t\t\t\t<div class=\"elementor-element elementor-element-0b3f0f7 elementor-widget elementor-widget-grada-section-title\" data-id=\"0b3f0f7\" data-element_type=\"widget\" data-e-type=\"widget\" data-widget_type=\"grada-section-title.default\">\n\t\t\t\t<div class=\"elementor-widget-container\">\n\t\t\t\t\t\t\t\t<div class=\"gs-section-title-holder\">\r\n                \t\t\t\t    <span class=\"gs-section-tagline\">Sobre N\u00f3s<\/span>\r\n                                \t\t\t<\/div>\r\n\t\t\t\t\t\t<\/div>\n\t\t\t\t<\/div>\n\t\t\t\t<div class=\"elementor-element elementor-element-1e7369f elementor-widget elementor-widget-text-editor\" data-id=\"1e7369f\" data-element_type=\"widget\" data-e-type=\"widget\" data-widget_type=\"text-editor.default\">\n\t\t\t\t<div class=\"elementor-widget-container\">\n\t\t\t\t\t\t\t\t\t<p><span style=\"font-weight: 400;\">VALT Architects \u00e9 um atelier de arquitetura focado no cliente, onde a palavra de ordem \u00e9 projetar o que o ele idealizou, correspondendo \u00e0s suas expectativas, cumprindo prazos, acompanhando processos e apoiando as suas tomadas de decis\u00e3o com conhecimento t\u00e9cnico, est\u00e9tico e criatividade.\u00a0<\/span><\/p><p>\u00a0<\/p><p><span style=\"font-weight: 400;\">A VALT assume cada caso como sendo \u00fanico, com a ambi\u00e7\u00e3o de apresentar a melhor proposta face aos objetivos estipulados e \u00e0s condicionantes encontradas tanto \u00e0 partida, como ao longo do percurso.\u00a0<\/span><\/p><p>\u00a0<\/p><p><span style=\"font-weight: 400;\">Atrav\u00e9s de uma linguagem pr\u00f3pria, contempor\u00e2nea e irreverente, alia a criatividade \u00e0 experi\u00eancia e responde assim \u00e0s exigentes necessidades do mercado e do territ\u00f3rio urbano, sempre com uma preocupa\u00e7\u00e3o estruturante de sustentabilidade.<\/span><\/p><p>\u00a0<\/p><p><span style=\"font-weight: 400;\">Sem olhar a estere\u00f3tipos e com uma metodologia de experimenta\u00e7\u00e3o formal constante, a equipa abra\u00e7a, em cada projecto, a oportunidade para uma produ\u00e7\u00e3o arquitect\u00f3nica s\u00f3lida e inovadora.<\/span><\/p><p>\u00a0<\/p><p><span style=\"font-weight: 400;\">O atelier tem uma vis\u00e3o diferenciada e multidisciplinar, apoiada por reconhecidas equipas t\u00e9cnicas das mais diversas \u00e1reas nos dom\u00ednios da arquitectura e da constru\u00e7\u00e3o. Deste modo, d\u00e1 uma resposta capaz, quer na vertente de reabilita\u00e7\u00e3o, quer na de constru\u00e7\u00e3o de raiz.\u00a0<\/span><\/p><p>\u00a0<\/p><p><span style=\"font-weight: 400;\">Desde a habita\u00e7\u00e3o unifamiliar \u00e0 habita\u00e7\u00e3o colectiva, passando por equipamentos de restaura\u00e7\u00e3o, bares e unidades hoteleiras, escrit\u00f3rios e empresas, at\u00e9 equipamentos p\u00fablicos e urbanismo, com elabora\u00e7\u00e3o de planos, estudos e opera\u00e7\u00f5es de loteamento, todos os desafios s\u00e3o encarados com o mesmo entusiasmo e profissionalismo.<\/span><\/p>\t\t\t\t\t\t\t\t<\/div>\n\t\t\t\t<\/div>\n\t\t\t\t\t<\/div>\n\t\t<\/div>\n\t\t\t\t\t<\/div>\n\t\t<\/section>\n\t\t\t\t\t<\/div>\n\t\t<\/div>\n\t\t\t\t\t<\/div>\n\t\t<\/section>\n\t\t\t\t<section class=\"elementor-section elementor-top-section elementor-element elementor-element-db0e169 elementor-section-boxed elementor-section-height-default elementor-section-height-default gs-locked-section-no\" data-id=\"db0e169\" data-element_type=\"section\" data-e-type=\"section\">\n\t\t\t\t\t\t<div class=\"elementor-container elementor-column-gap-wide\">\n\t\t\t\t\t<div class=\"elementor-column elementor-col-100 elementor-top-column elementor-element elementor-element-c2ff010\" data-id=\"c2ff010\" data-element_type=\"column\" data-e-type=\"column\">\n\t\t\t<div class=\"elementor-widget-wrap elementor-element-populated\">\n\t\t\t\t\t\t<div class=\"elementor-element elementor-element-d07810d elementor-widget elementor-widget-grada-section-title\" data-id=\"d07810d\" data-element_type=\"widget\" data-e-type=\"widget\" data-widget_type=\"grada-section-title.default\">\n\t\t\t\t<div class=\"elementor-widget-container\">\n\t\t\t\t\t\t\t\t<div class=\"gs-section-title-holder\">\r\n                \t\t\t\t    <span class=\"gs-section-tagline\">A Equipa<\/span>\r\n                                \t\t\t<\/div>\r\n\t\t\t\t\t\t<\/div>\n\t\t\t\t<\/div>\n\t\t\t\t<section class=\"elementor-section elementor-inner-section elementor-element elementor-element-2c67072 elementor-section-boxed elementor-section-height-default elementor-section-height-default gs-locked-section-no\" data-id=\"2c67072\" data-element_type=\"section\" data-e-type=\"section\">\n\t\t\t\t\t\t<div class=\"elementor-container elementor-column-gap-default\">\n\t\t\t\t\t<div class=\"elementor-column elementor-col-50 elementor-inner-column elementor-element elementor-element-fb79764\" data-id=\"fb79764\" data-element_type=\"column\" data-e-type=\"column\">\n\t\t\t<div class=\"elementor-widget-wrap elementor-element-populated\">\n\t\t\t\t\t\t<div class=\"elementor-element elementor-element-b5d7669 elementor-widget elementor-widget-heading\" data-id=\"b5d7669\" data-element_type=\"widget\" data-e-type=\"widget\" data-widget_type=\"heading.default\">\n\t\t\t\t<div class=\"elementor-widget-container\">\n\t\t\t\t\t<h2 class=\"elementor-heading-title elementor-size-default\">Um atelier de arquitetura que alia \na criatividade \u00e0 experi\u00eancia no setor<\/h2>\t\t\t\t<\/div>\n\t\t\t\t<\/div>\n\t\t\t\t\t<\/div>\n\t\t<\/div>\n\t\t\t\t<div class=\"elementor-column elementor-col-50 elementor-inner-column elementor-element elementor-element-0ce00bb\" data-id=\"0ce00bb\" data-element_type=\"column\" data-e-type=\"column\">\n\t\t\t<div class=\"elementor-widget-wrap\">\n\t\t\t\t\t\t\t<\/div>\n\t\t<\/div>\n\t\t\t\t\t<\/div>\n\t\t<\/section>\n\t\t\t\t<section class=\"elementor-section elementor-inner-section elementor-element elementor-element-e133d85 elementor-section-boxed elementor-section-height-default elementor-section-height-default gs-locked-section-no\" data-id=\"e133d85\" data-element_type=\"section\" data-e-type=\"section\">\n\t\t\t\t\t\t<div class=\"elementor-container elementor-column-gap-default\">\n\t\t\t\t\t<div class=\"elementor-column elementor-col-25 elementor-inner-column elementor-element elementor-element-dfcd55f\" data-id=\"dfcd55f\" data-element_type=\"column\" data-e-type=\"column\">\n\t\t\t<div class=\"elementor-widget-wrap\">\n\t\t\t\t\t\t\t<\/div>\n\t\t<\/div>\n\t\t\t\t<div class=\"elementor-column elementor-col-25 elementor-inner-column elementor-element elementor-element-d816baf\" data-id=\"d816baf\" data-element_type=\"column\" data-e-type=\"column\">\n\t\t\t<div class=\"elementor-widget-wrap elementor-element-populated\">\n\t\t\t\t\t\t<div class=\"elementor-element elementor-element-4225e35 animated-slow elementor-invisible elementor-widget elementor-widget-grada-team-member\" data-id=\"4225e35\" data-element_type=\"widget\" data-e-type=\"widget\" data-settings=\"{&quot;_animation&quot;:&quot;fadeInUp&quot;,&quot;_animation_delay&quot;:200}\" data-widget_type=\"grada-team-member.default\">\n\t\t\t\t<div class=\"elementor-widget-container\">\n\t\t\t\t\t\t\t<div class=\"gs-team-member gs-team-member-info-on-hover\">\r\n            <div class=\"gs-team-member-inner\">\r\n                <div class=\"gs-team-image\">\r\n                    <div class=\"entry-image-ratio\" style=\"padding-bottom: 150.000000% !important;\"><img fetchpriority=\"high\" decoding=\"async\" width=\"500\" height=\"750\" src=\"https:\/\/valtarc.com\/wp-content\/uploads\/2021\/02\/licinio.jpg\" class=\"attachment-full size-full\" alt=\"\" srcset=\"https:\/\/valtarc.com\/wp-content\/uploads\/2021\/02\/licinio.jpg 500w, https:\/\/valtarc.com\/wp-content\/uploads\/2021\/02\/licinio-200x300.jpg 200w, https:\/\/valtarc.com\/wp-content\/uploads\/2021\/02\/licinio-8x12.jpg 8w\" sizes=\"(max-width: 500px) 100vw, 500px\" \/><\/div>                                            <div class=\"overlay\"><\/div>\r\n                                    <\/div>\r\n                <div class=\"gs-team-info\">\r\n                    <h3 class=\"gs-team-name\" >Lic\u00ednio Torre<\/h3>                                            <p class=\"gs-team-role\">Lead Architect<\/p>\r\n                                        <div class=\"gs-team-social-media\">\r\n\t                                                <a class=\"gs-social-icon elementor-repeater-item-bad2339\" href=\"https:\/\/www.instagram.com\/liciniotorre\/\" target=\"_blank\">\r\n\t\t\t                    <i class=\"fab fa-instagram\"><\/i>                            <\/a>\r\n\t                                                <a class=\"gs-social-icon elementor-repeater-item-b362c1d\" href=\"https:\/\/www.facebook.com\/licinio.torre\" target=\"_blank\">\r\n\t\t\t                    <i class=\"fab fa-facebook\"><\/i>                            <\/a>\r\n\t                                        <\/div>\r\n                <\/div>\r\n\t                        <\/div>\r\n            \t\t<\/div>\r\n\t\t\t\t\t\t<\/div>\n\t\t\t\t<\/div>\n\t\t\t\t\t<\/div>\n\t\t<\/div>\n\t\t\t\t<div class=\"elementor-column elementor-col-25 elementor-inner-column elementor-element elementor-element-5dc5c23\" data-id=\"5dc5c23\" data-element_type=\"column\" data-e-type=\"column\">\n\t\t\t<div class=\"elementor-widget-wrap elementor-element-populated\">\n\t\t\t\t\t\t<div class=\"elementor-element elementor-element-b33fae9 animated-slow elementor-invisible elementor-widget elementor-widget-grada-team-member\" data-id=\"b33fae9\" data-element_type=\"widget\" data-e-type=\"widget\" data-settings=\"{&quot;_animation&quot;:&quot;fadeInUp&quot;,&quot;_animation_delay&quot;:300}\" data-widget_type=\"grada-team-member.default\">\n\t\t\t\t<div class=\"elementor-widget-container\">\n\t\t\t\t\t\t\t<div class=\"gs-team-member gs-team-member-info-on-hover\">\r\n            <div class=\"gs-team-member-inner\">\r\n                <div class=\"gs-team-image\">\r\n                    <div class=\"entry-image-ratio\" style=\"padding-bottom: 150.000000% !important;\"><img decoding=\"async\" width=\"500\" height=\"750\" src=\"https:\/\/valtarc.com\/wp-content\/uploads\/2021\/02\/joel.jpg\" class=\"attachment-full size-full\" alt=\"\" srcset=\"https:\/\/valtarc.com\/wp-content\/uploads\/2021\/02\/joel.jpg 500w, https:\/\/valtarc.com\/wp-content\/uploads\/2021\/02\/joel-200x300.jpg 200w, https:\/\/valtarc.com\/wp-content\/uploads\/2021\/02\/joel-8x12.jpg 8w\" sizes=\"(max-width: 500px) 100vw, 500px\" \/><\/div>                                            <div class=\"overlay\"><\/div>\r\n                                    <\/div>\r\n                <div class=\"gs-team-info\">\r\n                    <h3 class=\"gs-team-name\" >Joel Enes<\/h3>                                            <p class=\"gs-team-role\">Lead Designer<\/p>\r\n                                        <div class=\"gs-team-social-media\">\r\n\t                                                <a class=\"gs-social-icon elementor-repeater-item-bad2339\" href=\"https:\/\/www.instagram.com\/joel_enes\" target=\"_blank\">\r\n\t\t\t                    <i class=\"fab fa-instagram\"><\/i>                            <\/a>\r\n\t                                        <\/div>\r\n                <\/div>\r\n\t                        <\/div>\r\n            \t\t<\/div>\r\n\t\t\t\t\t\t<\/div>\n\t\t\t\t<\/div>\n\t\t\t\t\t<\/div>\n\t\t<\/div>\n\t\t\t\t<div class=\"elementor-column elementor-col-25 elementor-inner-column elementor-element elementor-element-68df00a\" data-id=\"68df00a\" data-element_type=\"column\" data-e-type=\"column\">\n\t\t\t<div class=\"elementor-widget-wrap\">\n\t\t\t\t\t\t\t<\/div>\n\t\t<\/div>\n\t\t\t\t\t<\/div>\n\t\t<\/section>\n\t\t\t\t\t<\/div>\n\t\t<\/div>\n\t\t\t\t\t<\/div>\n\t\t<\/section>\n\t\t\t\t<section class=\"elementor-section elementor-top-section elementor-element elementor-element-d7d951b elementor-section-boxed elementor-section-height-default elementor-section-height-default gs-locked-section-no\" data-id=\"d7d951b\" data-element_type=\"section\" data-e-type=\"section\">\n\t\t\t\t\t\t<div class=\"elementor-container elementor-column-gap-default\">\n\t\t\t\t\t<div class=\"elementor-column elementor-col-100 elementor-top-column elementor-element elementor-element-6f10adf\" data-id=\"6f10adf\" data-element_type=\"column\" data-e-type=\"column\">\n\t\t\t<div class=\"elementor-widget-wrap elementor-element-populated\">\n\t\t\t\t\t\t<div class=\"elementor-element elementor-element-6331807 elementor-widget elementor-widget-grada-section-title\" data-id=\"6331807\" data-element_type=\"widget\" data-e-type=\"widget\" data-widget_type=\"grada-section-title.default\">\n\t\t\t\t<div class=\"elementor-widget-container\">\n\t\t\t\t\t\t\t\t<div class=\"gs-section-title-holder\">\r\n                \t\t\t\t    <span class=\"gs-section-tagline\">Origem<\/span>\r\n                                \t\t\t<\/div>\r\n\t\t\t\t\t\t<\/div>\n\t\t\t\t<\/div>\n\t\t\t\t<div class=\"elementor-element elementor-element-58df32a elementor-widget elementor-widget-text-editor\" data-id=\"58df32a\" data-element_type=\"widget\" data-e-type=\"widget\" data-widget_type=\"text-editor.default\">\n\t\t\t\t<div class=\"elementor-widget-container\">\n\t\t\t\t\t\t\t\t\t<p><span style=\"font-weight: 400;\">O atelier nasceu no ano de 2017, pela m\u00e3o do arquitecto Lic\u00ednio Torre. Com um conhecimento s\u00f3lido da \u00e1rea e de horizontes expandidos pela sua experi\u00eancia internacional, reuniu uma equipa multidisciplinar, jovem e motivada, essencial para responder aos desafios inerentes \u00e0 pr\u00e1tica da arquitectura.\u00a0<\/span><\/p><p><span style=\"font-weight: 400;\">\u00a0<\/span><\/p><p><span style=\"font-weight: 400;\">A rela\u00e7\u00e3o entre os elementos da equipa \u00e9 anterior \u00e0 funda\u00e7\u00e3o do atelier, o que se manifesta numa clara cumplicidade na linguagem arquitet\u00f3nica, na metodologia do desenho e no pensamento criativo. A vis\u00e3o humanizada da arquitetura, para ser observada e vivida, inovadora e funcional, \u00e9 partilhada pelos colaboradores de todas as \u00e1reas &#8211; arquitetura, design, comunica\u00e7\u00e3o e engenharia civil.<\/span><\/p><p>\u00a0<\/p><p><span style=\"font-weight: 400;\">Esta sintonia na forma de estar, de pensar e de sentir torna-se, pela pr\u00e1tica da arquitetura, intemporal.<\/span><\/p>\t\t\t\t\t\t\t\t<\/div>\n\t\t\t\t<\/div>\n\t\t\t\t\t<\/div>\n\t\t<\/div>\n\t\t\t\t\t<\/div>\n\t\t<\/section>\n\t\t\t\t<\/div>\n\t\t","protected":false},"excerpt":{"rendered":"<p>Sobre N\u00f3s VALT Architects \u00e9 um atelier de arquitetura focado no cliente, onde a palavra de ordem \u00e9 projetar o que o ele&#8230;<\/p>\n","protected":false},"author":1,"featured_media":0,"parent":0,"menu_order":0,"comment_status":"closed","ping_status":"closed","template":"","meta":{"_acf_changed":false,"inline_featured_image":false,"footnotes":""},"class_list":["post-537","page","type-page","status-publish","hentry"],"acf":[],"_links":{"self":[{"href":"https:\/\/valtarc.com\/pt\/wp-json\/wp\/v2\/pages\/537","targetHints":{"allow":["GET"]}}],"collection":[{"href":"https:\/\/valtarc.com\/pt\/wp-json\/wp\/v2\/pages"}],"about":[{"href":"https:\/\/valtarc.com\/pt\/wp-json\/wp\/v2\/types\/page"}],"author":[{"embeddable":true,"href":"https:\/\/valtarc.com\/pt\/wp-json\/wp\/v2\/users\/1"}],"replies":[{"embeddable":true,"href":"https:\/\/valtarc.com\/pt\/wp-json\/wp\/v2\/comments?post=537"}],"version-history":[{"count":41,"href":"https:\/\/valtarc.com\/pt\/wp-json\/wp\/v2\/pages\/537\/revisions"}],"predecessor-version":[{"id":1825,"href":"https:\/\/valtarc.com\/pt\/wp-json\/wp\/v2\/pages\/537\/revisions\/1825"}],"wp:attachment":[{"href":"https:\/\/valtarc.com\/pt\/wp-json\/wp\/v2\/media?parent=537"}],"curies":[{"name":"wp","href":"https:\/\/api.w.org\/{rel}","templated":true}]}}