{"id":537,"date":"2020-07-15T21:57:13","date_gmt":"2020-07-15T21:57:13","guid":{"rendered":"http:\/\/grada.wp\/ozark\/?page_id=537"},"modified":"2021-02-11T09:26:24","modified_gmt":"2021-02-11T09:26:24","slug":"sobre-nos","status":"publish","type":"page","link":"https:\/\/valtarc.com\/en\/sobre-nos\/","title":{"rendered":"About Us"},"content":{"rendered":"<div data-elementor-type=\"wp-page\" data-elementor-id=\"537\" class=\"elementor elementor-537\">\n\t\t\t\t\t\t<section class=\"elementor-section elementor-top-section elementor-element elementor-element-c4a9ba5 elementor-section-boxed elementor-section-height-default elementor-section-height-default gs-locked-section-no\" data-id=\"c4a9ba5\" data-element_type=\"section\" data-e-type=\"section\">\n\t\t\t\t\t\t<div class=\"elementor-container elementor-column-gap-default\">\n\t\t\t\t\t<div class=\"elementor-column elementor-col-100 elementor-top-column elementor-element elementor-element-dc886d2\" data-id=\"dc886d2\" data-element_type=\"column\" data-e-type=\"column\">\n\t\t\t<div class=\"elementor-widget-wrap elementor-element-populated\">\n\t\t\t\t\t\t<section class=\"elementor-section elementor-inner-section elementor-element elementor-element-a5c5c57 elementor-section-boxed elementor-section-height-default elementor-section-height-default\" data-id=\"a5c5c57\" data-element_type=\"section\" data-e-type=\"section\">\n\t\t\t\t\t\t<div class=\"elementor-container elementor-column-gap-default\">\n\t\t\t\t\t<div class=\"elementor-column elementor-col-100 elementor-inner-column elementor-element elementor-element-807b0df\" data-id=\"807b0df\" data-element_type=\"column\" data-e-type=\"column\">\n\t\t\t<div class=\"elementor-widget-wrap elementor-element-populated\">\n\t\t\t\t\t\t<div class=\"elementor-element elementor-element-0b3f0f7 elementor-widget elementor-widget-grada-section-title\" data-id=\"0b3f0f7\" data-element_type=\"widget\" data-e-type=\"widget\" data-widget_type=\"grada-section-title.default\">\n\t\t\t\t<div class=\"elementor-widget-container\">\n\t\t\t\t\t\t\t\t<div class=\"gs-section-title-holder\">\r\n                \t\t\t\t    <span class=\"gs-section-tagline\">About Us<\/span>\r\n                                \t\t\t<\/div>\r\n\t\t\t\t\t\t<\/div>\n\t\t\t\t<\/div>\n\t\t\t\t<div class=\"elementor-element elementor-element-1e7369f elementor-widget elementor-widget-text-editor\" data-id=\"1e7369f\" data-element_type=\"widget\" data-e-type=\"widget\" data-widget_type=\"text-editor.default\">\n\t\t\t\t<div class=\"elementor-widget-container\">\n\t\t\t\t\t\t\t\t\t<p><span style=\"font-weight: 400;\">VALT Architects is an architect-led design studio focused on the client, where the key is to design what he imagined, meeting his expectations and deadlines, following closely the processes and supporting his decisions with technical knowledge, experience and creativity.\u00a0<\/span><\/p><p>\u00a0<\/p><p><span style=\"font-weight: 400;\">VALT assumes each case to be unique, with the ambition to design the best proposal based on the settled objectives and conditions at the beginning and the ones found along the route.\u00a0<\/span><\/p><p>\u00a0<\/p><p><span style=\"font-weight: 400;\">Through its own language, contemporary and irreverent, the design combines creativity and detail with experience, allowing for a necessary response to the demanding needs of the market and the urban territory, always with a key concern for sustainability.<\/span><\/p><p>\u00a0<\/p><p><span style=\"font-weight: 400;\">Driven by an open-minded methodology of constant experimentation, the team embraces, in each project, the opportunity to design a solid and innovative architectural solution.<\/span><\/p><p>\u00a0<\/p><p><span style=\"font-weight: 400;\">The atelier has a multidisciplinary vision supported by a passionate and recognized team, formed by individuals from the most diverse areas of expertise of design, architecture and construction. In this way, the team aims to deliver a capable solution to the challenging demands of building refurbishment and construction of new buildings.\u00a0<\/span><\/p><p>\u00a0<\/p><p><span style=\"font-weight: 400;\">From housing to hospitality, including restaurants, bars and coffee shops, commercial &amp; office buildings, cultural and public facilities, landscape design and urban planning, all projects are faced with the same enthusiasm and professionalism.<\/span><\/p>\t\t\t\t\t\t\t\t<\/div>\n\t\t\t\t<\/div>\n\t\t\t\t\t<\/div>\n\t\t<\/div>\n\t\t\t\t\t<\/div>\n\t\t<\/section>\n\t\t\t\t\t<\/div>\n\t\t<\/div>\n\t\t\t\t\t<\/div>\n\t\t<\/section>\n\t\t\t\t<section class=\"elementor-section elementor-top-section elementor-element elementor-element-db0e169 elementor-section-boxed elementor-section-height-default elementor-section-height-default gs-locked-section-no\" data-id=\"db0e169\" data-element_type=\"section\" data-e-type=\"section\">\n\t\t\t\t\t\t<div class=\"elementor-container elementor-column-gap-wide\">\n\t\t\t\t\t<div class=\"elementor-column elementor-col-100 elementor-top-column elementor-element elementor-element-c2ff010\" data-id=\"c2ff010\" data-element_type=\"column\" data-e-type=\"column\">\n\t\t\t<div class=\"elementor-widget-wrap elementor-element-populated\">\n\t\t\t\t\t\t<div class=\"elementor-element elementor-element-d07810d elementor-widget elementor-widget-grada-section-title\" data-id=\"d07810d\" data-element_type=\"widget\" data-e-type=\"widget\" data-widget_type=\"grada-section-title.default\">\n\t\t\t\t<div class=\"elementor-widget-container\">\n\t\t\t\t\t\t\t\t<div class=\"gs-section-title-holder\">\r\n                \t\t\t\t    <span class=\"gs-section-tagline\">Team<\/span>\r\n                                \t\t\t<\/div>\r\n\t\t\t\t\t\t<\/div>\n\t\t\t\t<\/div>\n\t\t\t\t<section class=\"elementor-section elementor-inner-section elementor-element elementor-element-2c67072 elementor-section-boxed elementor-section-height-default elementor-section-height-default gs-locked-section-no\" data-id=\"2c67072\" data-element_type=\"section\" data-e-type=\"section\">\n\t\t\t\t\t\t<div class=\"elementor-container elementor-column-gap-default\">\n\t\t\t\t\t<div class=\"elementor-column elementor-col-50 elementor-inner-column elementor-element elementor-element-fb79764\" data-id=\"fb79764\" data-element_type=\"column\" data-e-type=\"column\">\n\t\t\t<div class=\"elementor-widget-wrap elementor-element-populated\">\n\t\t\t\t\t\t<div class=\"elementor-element elementor-element-b5d7669 elementor-widget elementor-widget-heading\" data-id=\"b5d7669\" data-element_type=\"widget\" data-e-type=\"widget\" data-widget_type=\"heading.default\">\n\t\t\t\t<div class=\"elementor-widget-container\">\n\t\t\t\t\t<h2 class=\"elementor-heading-title elementor-size-default\">An architecture studio that combines creativity with experience<\/h2>\t\t\t\t<\/div>\n\t\t\t\t<\/div>\n\t\t\t\t\t<\/div>\n\t\t<\/div>\n\t\t\t\t<div class=\"elementor-column elementor-col-50 elementor-inner-column elementor-element elementor-element-0ce00bb\" data-id=\"0ce00bb\" data-element_type=\"column\" data-e-type=\"column\">\n\t\t\t<div class=\"elementor-widget-wrap\">\n\t\t\t\t\t\t\t<\/div>\n\t\t<\/div>\n\t\t\t\t\t<\/div>\n\t\t<\/section>\n\t\t\t\t<section class=\"elementor-section elementor-inner-section elementor-element elementor-element-e133d85 elementor-section-boxed elementor-section-height-default elementor-section-height-default gs-locked-section-no\" data-id=\"e133d85\" data-element_type=\"section\" data-e-type=\"section\">\n\t\t\t\t\t\t<div class=\"elementor-container elementor-column-gap-default\">\n\t\t\t\t\t<div class=\"elementor-column elementor-col-25 elementor-inner-column elementor-element elementor-element-dfcd55f\" data-id=\"dfcd55f\" data-element_type=\"column\" data-e-type=\"column\">\n\t\t\t<div class=\"elementor-widget-wrap\">\n\t\t\t\t\t\t\t<\/div>\n\t\t<\/div>\n\t\t\t\t<div class=\"elementor-column elementor-col-25 elementor-inner-column elementor-element elementor-element-d816baf\" data-id=\"d816baf\" data-element_type=\"column\" data-e-type=\"column\">\n\t\t\t<div class=\"elementor-widget-wrap elementor-element-populated\">\n\t\t\t\t\t\t<div class=\"elementor-element elementor-element-4225e35 animated-slow elementor-invisible elementor-widget elementor-widget-grada-team-member\" data-id=\"4225e35\" data-element_type=\"widget\" data-e-type=\"widget\" data-settings=\"{&quot;_animation&quot;:&quot;fadeInUp&quot;,&quot;_animation_delay&quot;:200}\" data-widget_type=\"grada-team-member.default\">\n\t\t\t\t<div class=\"elementor-widget-container\">\n\t\t\t\t\t\t\t<div class=\"gs-team-member gs-team-member-info-on-hover\">\r\n            <div class=\"gs-team-member-inner\">\r\n                <div class=\"gs-team-image\">\r\n                    <div class=\"entry-image-ratio\" style=\"padding-bottom: 150.000000% !important;\"><img fetchpriority=\"high\" decoding=\"async\" width=\"500\" height=\"750\" src=\"https:\/\/valtarc.com\/wp-content\/uploads\/2021\/02\/licinio.jpg\" class=\"attachment-full size-full\" alt=\"\" srcset=\"https:\/\/valtarc.com\/wp-content\/uploads\/2021\/02\/licinio.jpg 500w, https:\/\/valtarc.com\/wp-content\/uploads\/2021\/02\/licinio-200x300.jpg 200w, https:\/\/valtarc.com\/wp-content\/uploads\/2021\/02\/licinio-8x12.jpg 8w\" sizes=\"(max-width: 500px) 100vw, 500px\" \/><\/div>                                            <div class=\"overlay\"><\/div>\r\n                                    <\/div>\r\n                <div class=\"gs-team-info\">\r\n                    <h3 class=\"gs-team-name\" >Lic\u00ednio Torre<\/h3>                                            <p class=\"gs-team-role\">Lead Architect<\/p>\r\n                                        <div class=\"gs-team-social-media\">\r\n\t                                                <a class=\"gs-social-icon elementor-repeater-item-bad2339\" href=\"https:\/\/www.instagram.com\/liciniotorre\/\" target=\"_blank\">\r\n\t\t\t                    <i class=\"fab fa-instagram\"><\/i>                            <\/a>\r\n\t                                                <a class=\"gs-social-icon elementor-repeater-item-b362c1d\" href=\"https:\/\/www.facebook.com\/licinio.torre\" target=\"_blank\">\r\n\t\t\t                    <i class=\"fab fa-facebook\"><\/i>                            <\/a>\r\n\t                                        <\/div>\r\n                <\/div>\r\n\t                        <\/div>\r\n            \t\t<\/div>\r\n\t\t\t\t\t\t<\/div>\n\t\t\t\t<\/div>\n\t\t\t\t\t<\/div>\n\t\t<\/div>\n\t\t\t\t<div class=\"elementor-column elementor-col-25 elementor-inner-column elementor-element elementor-element-5dc5c23\" data-id=\"5dc5c23\" data-element_type=\"column\" data-e-type=\"column\">\n\t\t\t<div class=\"elementor-widget-wrap elementor-element-populated\">\n\t\t\t\t\t\t<div class=\"elementor-element elementor-element-b33fae9 animated-slow elementor-invisible elementor-widget elementor-widget-grada-team-member\" data-id=\"b33fae9\" data-element_type=\"widget\" data-e-type=\"widget\" data-settings=\"{&quot;_animation&quot;:&quot;fadeInUp&quot;,&quot;_animation_delay&quot;:300}\" data-widget_type=\"grada-team-member.default\">\n\t\t\t\t<div class=\"elementor-widget-container\">\n\t\t\t\t\t\t\t<div class=\"gs-team-member gs-team-member-info-on-hover\">\r\n            <div class=\"gs-team-member-inner\">\r\n                <div class=\"gs-team-image\">\r\n                    <div class=\"entry-image-ratio\" style=\"padding-bottom: 150.000000% !important;\"><img decoding=\"async\" width=\"500\" height=\"750\" src=\"https:\/\/valtarc.com\/wp-content\/uploads\/2021\/02\/joel.jpg\" class=\"attachment-full size-full\" alt=\"\" srcset=\"https:\/\/valtarc.com\/wp-content\/uploads\/2021\/02\/joel.jpg 500w, https:\/\/valtarc.com\/wp-content\/uploads\/2021\/02\/joel-200x300.jpg 200w, https:\/\/valtarc.com\/wp-content\/uploads\/2021\/02\/joel-8x12.jpg 8w\" sizes=\"(max-width: 500px) 100vw, 500px\" \/><\/div>                                            <div class=\"overlay\"><\/div>\r\n                                    <\/div>\r\n                <div class=\"gs-team-info\">\r\n                    <h3 class=\"gs-team-name\" >Joel Enes<\/h3>                                            <p class=\"gs-team-role\">Lead Designer<\/p>\r\n                                        <div class=\"gs-team-social-media\">\r\n\t                                                <a class=\"gs-social-icon elementor-repeater-item-bad2339\" href=\"https:\/\/www.instagram.com\/joel_enes\" target=\"_blank\">\r\n\t\t\t                    <i class=\"fab fa-instagram\"><\/i>                            <\/a>\r\n\t                                        <\/div>\r\n                <\/div>\r\n\t                        <\/div>\r\n            \t\t<\/div>\r\n\t\t\t\t\t\t<\/div>\n\t\t\t\t<\/div>\n\t\t\t\t\t<\/div>\n\t\t<\/div>\n\t\t\t\t<div class=\"elementor-column elementor-col-25 elementor-inner-column elementor-element elementor-element-68df00a\" data-id=\"68df00a\" data-element_type=\"column\" data-e-type=\"column\">\n\t\t\t<div class=\"elementor-widget-wrap\">\n\t\t\t\t\t\t\t<\/div>\n\t\t<\/div>\n\t\t\t\t\t<\/div>\n\t\t<\/section>\n\t\t\t\t\t<\/div>\n\t\t<\/div>\n\t\t\t\t\t<\/div>\n\t\t<\/section>\n\t\t\t\t<section class=\"elementor-section elementor-top-section elementor-element elementor-element-d7d951b elementor-section-boxed elementor-section-height-default elementor-section-height-default gs-locked-section-no\" data-id=\"d7d951b\" data-element_type=\"section\" data-e-type=\"section\">\n\t\t\t\t\t\t<div class=\"elementor-container elementor-column-gap-default\">\n\t\t\t\t\t<div class=\"elementor-column elementor-col-100 elementor-top-column elementor-element elementor-element-6f10adf\" data-id=\"6f10adf\" data-element_type=\"column\" data-e-type=\"column\">\n\t\t\t<div class=\"elementor-widget-wrap elementor-element-populated\">\n\t\t\t\t\t\t<div class=\"elementor-element elementor-element-6331807 elementor-widget elementor-widget-grada-section-title\" data-id=\"6331807\" data-element_type=\"widget\" data-e-type=\"widget\" data-widget_type=\"grada-section-title.default\">\n\t\t\t\t<div class=\"elementor-widget-container\">\n\t\t\t\t\t\t\t\t<div class=\"gs-section-title-holder\">\r\n                \t\t\t\t    <span class=\"gs-section-tagline\">THE BEGINNING<\/span>\r\n                                \t\t\t<\/div>\r\n\t\t\t\t\t\t<\/div>\n\t\t\t\t<\/div>\n\t\t\t\t<div class=\"elementor-element elementor-element-58df32a elementor-widget elementor-widget-text-editor\" data-id=\"58df32a\" data-element_type=\"widget\" data-e-type=\"widget\" data-widget_type=\"text-editor.default\">\n\t\t\t\t<div class=\"elementor-widget-container\">\n\t\t\t\t\t\t\t\t\t<p><span style=\"font-weight: 400;\">The studio was created in 2017 by the architect Lic\u00ednio Torre. With a solid knowledge of architecture\/construction and horizons expanded by his international experience, he brought together a multidisciplinary team, young and passionate, essential to answer the challenges linked to the practice of architecture.\u00a0<\/span><\/p><p><span style=\"font-weight: 400;\">\u00a0<\/span><\/p><p><span style=\"font-weight: 400;\">The relationship between the elements of the team is older than the foundation of the studio, which manifests natural complicity in the architectural language, in the design methodology and creative thinking. The humanized vision of architecture, to be observed and experienced, innovative and functional, is shared by collaborators from a wide range of fields, including, architecture, design, civil engineering, construction, and marketing \/communication.<\/span><\/p><p>\u00a0<\/p><p><span style=\"font-weight: 400;\">This harmony in the way of being, thinking and feeling, becomes timeless through the practice of architecture.<\/span><\/p>\t\t\t\t\t\t\t\t<\/div>\n\t\t\t\t<\/div>\n\t\t\t\t\t<\/div>\n\t\t<\/div>\n\t\t\t\t\t<\/div>\n\t\t<\/section>\n\t\t\t\t<\/div>","protected":false},"excerpt":{"rendered":"<p>Sobre N\u00f3s VALT Architects \u00e9 um atelier de arquitetura focado no cliente, onde a palavra de ordem \u00e9 projetar o que o ele&#8230;<\/p>","protected":false},"author":1,"featured_media":0,"parent":0,"menu_order":0,"comment_status":"closed","ping_status":"closed","template":"","meta":{"_acf_changed":false,"inline_featured_image":false,"footnotes":""},"class_list":["post-537","page","type-page","status-publish","hentry"],"acf":[],"_links":{"self":[{"href":"https:\/\/valtarc.com\/en\/wp-json\/wp\/v2\/pages\/537","targetHints":{"allow":["GET"]}}],"collection":[{"href":"https:\/\/valtarc.com\/en\/wp-json\/wp\/v2\/pages"}],"about":[{"href":"https:\/\/valtarc.com\/en\/wp-json\/wp\/v2\/types\/page"}],"author":[{"embeddable":true,"href":"https:\/\/valtarc.com\/en\/wp-json\/wp\/v2\/users\/1"}],"replies":[{"embeddable":true,"href":"https:\/\/valtarc.com\/en\/wp-json\/wp\/v2\/comments?post=537"}],"version-history":[{"count":41,"href":"https:\/\/valtarc.com\/en\/wp-json\/wp\/v2\/pages\/537\/revisions"}],"predecessor-version":[{"id":1825,"href":"https:\/\/valtarc.com\/en\/wp-json\/wp\/v2\/pages\/537\/revisions\/1825"}],"wp:attachment":[{"href":"https:\/\/valtarc.com\/en\/wp-json\/wp\/v2\/media?parent=537"}],"curies":[{"name":"wp","href":"https:\/\/api.w.org\/{rel}","templated":true}]}}